{"id":24,"date":"2023-08-16T14:51:49","date_gmt":"2023-08-16T12:51:49","guid":{"rendered":"http:\/\/traxx.eu\/?page_id=24"},"modified":"2025-07-17T10:02:43","modified_gmt":"2025-07-17T08:02:43","slug":"contacto","status":"publish","type":"page","link":"https:\/\/www.traxx-group.com\/es\/en\/contacto\/","title":{"rendered":"Contact"},"content":{"rendered":"\t\t<div data-elementor-type=\"wp-page\" data-elementor-id=\"24\" class=\"elementor elementor-24\" data-elementor-post-type=\"page\">\n\t\t\t\t\t\t<section class=\"elementor-section elementor-top-section elementor-element elementor-element-2709847d elementor-section-full_width elementor-section-height-default elementor-section-height-default\" data-id=\"2709847d\" data-element_type=\"section\">\n\t\t\t\t\t\t<div class=\"elementor-container elementor-column-gap-default\">\n\t\t\t\t\t<div class=\"elementor-column elementor-col-100 elementor-top-column elementor-element elementor-element-35ca5ef6\" data-id=\"35ca5ef6\" data-element_type=\"column\">\n\t\t\t<div class=\"elementor-widget-wrap elementor-element-populated\">\n\t\t\t\t\t\t<section class=\"elementor-section elementor-inner-section elementor-element elementor-element-21a7dbdd elementor-section-full_width elementor-section-height-default elementor-section-height-default\" data-id=\"21a7dbdd\" data-element_type=\"section\">\n\t\t\t\t\t\t<div class=\"elementor-container elementor-column-gap-default\">\n\t\t\t\t\t<div class=\"elementor-column elementor-col-100 elementor-inner-column elementor-element elementor-element-19bbd162\" data-id=\"19bbd162\" data-element_type=\"column\">\n\t\t\t<div class=\"elementor-widget-wrap elementor-element-populated\">\n\t\t\t\t\t\t<div class=\"elementor-element elementor-element-71bfddd0 elementor-widget elementor-widget-image\" data-id=\"71bfddd0\" data-element_type=\"widget\" data-widget_type=\"image.default\">\n\t\t\t\t<div class=\"elementor-widget-container\">\n\t\t\t\t\t\t\t\t\t\t\t\t\t\t\t<img fetchpriority=\"high\" decoding=\"async\" width=\"1200\" height=\"800\" src=\"https:\/\/www.traxx-group.com\/es\/wp-content\/uploads\/2023\/08\/turbine.jpg\" class=\"attachment-full size-full wp-image-429\" alt=\"\" srcset=\"https:\/\/www.traxx-group.com\/es\/wp-content\/uploads\/2023\/08\/turbine.jpg 1200w, https:\/\/www.traxx-group.com\/es\/wp-content\/uploads\/2023\/08\/turbine-300x200.jpg 300w, https:\/\/www.traxx-group.com\/es\/wp-content\/uploads\/2023\/08\/turbine-1024x683.jpg 1024w, https:\/\/www.traxx-group.com\/es\/wp-content\/uploads\/2023\/08\/turbine-768x512.jpg 768w\" sizes=\"(max-width: 1200px) 100vw, 1200px\" \/>\t\t\t\t\t\t\t\t\t\t\t\t\t\t\t<\/div>\n\t\t\t\t<\/div>\n\t\t\t\t<div class=\"elementor-element elementor-element-76ad513 elementor-widget elementor-widget-heading\" data-id=\"76ad513\" data-element_type=\"widget\" data-widget_type=\"heading.default\">\n\t\t\t\t<div class=\"elementor-widget-container\">\n\t\t\t\t\t<h2 class=\"elementor-heading-title elementor-size-xl\"> CONT\u00c1CTENOS<\/h2>\t\t\t\t<\/div>\n\t\t\t\t<\/div>\n\t\t\t\t\t<\/div>\n\t\t<\/div>\n\t\t\t\t\t<\/div>\n\t\t<\/section>\n\t\t\t\t\t<\/div>\n\t\t<\/div>\n\t\t\t\t\t<\/div>\n\t\t<\/section>\n\t\t\t\t<section class=\"elementor-section elementor-top-section elementor-element elementor-element-25c8266e elementor-section-boxed elementor-section-height-default elementor-section-height-default\" data-id=\"25c8266e\" data-element_type=\"section\" data-settings=\"{&quot;background_background&quot;:&quot;classic&quot;}\">\n\t\t\t\t\t\t<div class=\"elementor-container elementor-column-gap-default\">\n\t\t\t\t\t<div class=\"elementor-column elementor-col-100 elementor-top-column elementor-element elementor-element-730895c0\" data-id=\"730895c0\" data-element_type=\"column\">\n\t\t\t<div class=\"elementor-widget-wrap elementor-element-populated\">\n\t\t\t\t\t\t<div class=\"elementor-element elementor-element-2c6dccf1 elementor-widget elementor-widget-global elementor-global-1560 elementor-widget-text-editor\" data-id=\"2c6dccf1\" data-element_type=\"widget\" data-widget_type=\"text-editor.default\">\n\t\t\t\t<div class=\"elementor-widget-container\">\n\t\t\t\t\t\t\t\t\t<h5><strong data-start=\"48\" data-end=\"110\">\u00bfTiene alguna pregunta o desea un presupuesto? <\/strong><\/h5><h5><strong data-start=\"48\" data-end=\"110\">Escr\u00edbanos.<\/strong><\/h5><h3 class=\"font_W_700\">\u00a0<\/h3>\t\t\t\t\t\t\t\t<\/div>\n\t\t\t\t<\/div>\n\t\t\t\t<div class=\"elementor-element elementor-element-1d8e5691 eael-contact-form-7-button-align-left eael-contact-form-7-button-custom elementor-widget elementor-widget-global elementor-global-1487 elementor-widget-eael-contact-form-7\" data-id=\"1d8e5691\" data-element_type=\"widget\" data-widget_type=\"eael-contact-form-7.default\">\n\t\t\t\t<div class=\"elementor-widget-container\">\n\t\t\t\t\t<div class=\"eael-contact-form-7-wrapper\">\n                <div class=\"eael-contact-form eael-contact-form-7 eael-contact-form-1d8e5691 placeholder-show eael-contact-form-align-center\">\n<div class=\"wpcf7 no-js\" id=\"wpcf7-f8-o1\" lang=\"fr-FR\" dir=\"ltr\" data-wpcf7-id=\"8\">\n<div class=\"screen-reader-response\"><p role=\"status\" aria-live=\"polite\" aria-atomic=\"true\"><\/p> <ul><\/ul><\/div>\n<form action=\"\/es\/wp-json\/wp\/v2\/pages\/24#wpcf7-f8-o1\" method=\"post\" class=\"wpcf7-form init\" aria-label=\"Formulaire de contact\" novalidate=\"novalidate\" data-status=\"init\">\n<fieldset class=\"hidden-fields-container\"><input type=\"hidden\" name=\"_wpcf7\" value=\"8\" \/><input type=\"hidden\" name=\"_wpcf7_version\" value=\"6.1.4\" \/><input type=\"hidden\" name=\"_wpcf7_locale\" value=\"fr_FR\" \/><input type=\"hidden\" name=\"_wpcf7_unit_tag\" value=\"wpcf7-f8-o1\" \/><input type=\"hidden\" name=\"_wpcf7_container_post\" value=\"0\" \/><input type=\"hidden\" name=\"_wpcf7_posted_data_hash\" value=\"\" \/><input type=\"hidden\" name=\"_wpcf7_recaptcha_response\" value=\"\" \/>\n<\/fieldset>\n<p><label> Nombre y Apellidos<br \/>\n<span class=\"wpcf7-form-control-wrap\" data-name=\"your-name\"><input size=\"40\" maxlength=\"400\" class=\"wpcf7-form-control wpcf7-text wpcf7-validates-as-required\" aria-required=\"true\" aria-invalid=\"false\" value=\"\" type=\"text\" name=\"your-name\" \/><\/span> <\/label>\n<\/p>\n<p><label> Nombre de la empresa<br \/>\n<span class=\"wpcf7-form-control-wrap\" data-name=\"societe\"><input size=\"40\" maxlength=\"400\" class=\"wpcf7-form-control wpcf7-text wpcf7-validates-as-required\" aria-required=\"true\" aria-invalid=\"false\" value=\"\" type=\"text\" name=\"societe\" \/><\/span><\/label>\n<\/p>\n<p><label> Su correo electr\u00f3nico<br \/>\n<span class=\"wpcf7-form-control-wrap\" data-name=\"your-email\"><input size=\"40\" maxlength=\"400\" class=\"wpcf7-form-control wpcf7-email wpcf7-validates-as-required wpcf7-text wpcf7-validates-as-email\" aria-required=\"true\" aria-invalid=\"false\" value=\"\" type=\"email\" name=\"your-email\" \/><\/span> <\/label>\n<\/p>\n<p><label> Su tel\u00e9fono<br \/>\n<span class=\"wpcf7-form-control-wrap\" data-name=\"your-telephone\"><input size=\"40\" maxlength=\"400\" class=\"wpcf7-form-control wpcf7-tel wpcf7-text wpcf7-validates-as-tel\" aria-invalid=\"false\" value=\"\" type=\"tel\" name=\"your-telephone\" \/><\/span><\/label>\n<\/p>\n<p><label> \u00bfC\u00f3mo se enter\u00f3 de nosotros?<br \/>\n<span class=\"wpcf7-form-control-wrap\" data-name=\"menu-787\"><select class=\"wpcf7-form-control wpcf7-select wpcf7-validates-as-required\" aria-required=\"true\" aria-invalid=\"false\" name=\"menu-787\"><option value=\"\">&#8212;Veuillez choisir une option&#8212;<\/option><option value=\"Recomendaci\u00f3n de boca en boca\">Recomendaci\u00f3n de boca en boca<\/option><option value=\"Linkedin\">Linkedin<\/option><option value=\"Sitio web especializado\">Sitio web especializado<\/option><option value=\"B\u00fasqueda en Google\">B\u00fasqueda en Google<\/option><option value=\"Otros\">Otros<\/option><\/select><\/span><\/label>\n<\/p>\n<p><label> Su mensaje<br \/>\n<span class=\"wpcf7-form-control-wrap\" data-name=\"textarea-594\"><textarea cols=\"40\" rows=\"10\" maxlength=\"2000\" class=\"wpcf7-form-control wpcf7-textarea\" aria-invalid=\"false\" name=\"textarea-594\"><\/textarea><\/span><\/label>\n<\/p>\n<p class=\"mentions\">Le informamos de la existencia de la lista de oposici\u00f3n a la prospecci\u00f3n telef\u00f3nica \u201cBloctel\u201d, conforme al art\u00edculo L.223-2 del C\u00f3digo del Consumo, en la cual puede inscribirse aqu\u00ed : <a href=\"https:\/\/www.bloctel.gouv.fr\/\">Bloctel<\/a>\n<\/p>\n<span class=\"wpcf7-form-control-wrap recaptcha\" data-name=\"recaptcha\"><span data-sitekey=\"6LdBDgErAAAAAAEBvmAEq4NUiqN3W_9yJ8SW42xe\" class=\"wpcf7-form-control wpcf7-recaptcha g-recaptcha\"><\/span>\r\n<noscript>\r\n\t<div class=\"grecaptcha-noscript\">\r\n\t\t<iframe src=\"https:\/\/www.google.com\/recaptcha\/api\/fallback?k=6LdBDgErAAAAAAEBvmAEq4NUiqN3W_9yJ8SW42xe\" frameborder=\"0\" scrolling=\"no\" width=\"310\" height=\"430\">\r\n\t\t<\/iframe>\r\n\t\t<textarea name=\"g-recaptcha-response\" rows=\"3\" cols=\"40\" placeholder=\"reCaptcha Response Here\">\r\n\t\t<\/textarea>\r\n\t<\/div>\r\n<\/noscript>\r\n<\/span>\n<p><input class=\"wpcf7-form-control wpcf7-submit has-spinner\" type=\"submit\" value=\"Enviar\" \/>\n<\/p><div class=\"wpcf7-response-output\" aria-hidden=\"true\"><\/div>\n<\/form>\n<\/div>\n<\/div>\n            <\/div>\t\t\t\t<\/div>\n\t\t\t\t<\/div>\n\t\t\t\t\t<\/div>\n\t\t<\/div>\n\t\t\t\t\t<\/div>\n\t\t<\/section>\n\t\t\t\t<\/div>\n\t\t","protected":false},"excerpt":{"rendered":"<p>CONT\u00c1CTENOS \u00bfTiene alguna pregunta o desea un presupuesto? Escr\u00edbanos. \u00a0 Nombre y Apellidos Nombre de la empresa Su correo electr\u00f3nico Su tel\u00e9fono \u00bfC\u00f3mo se enter\u00f3 de nosotros? &#8212;Veuillez choisir une option&#8212;Recomendaci\u00f3n de boca en bocaLinkedinSitio web especializadoB\u00fasqueda en GoogleOtros Su mensaje Le informamos de la existencia de la lista de oposici\u00f3n a la prospecci\u00f3n telef\u00f3nica [&hellip;]<\/p>\n","protected":false},"author":1,"featured_media":0,"parent":0,"menu_order":7,"comment_status":"closed","ping_status":"closed","template":"","meta":{"inline_featured_image":false,"footnotes":""},"class_list":["post-24","page","type-page","status-publish","hentry"],"yoast_head":"<!-- This site is optimized with the Yoast SEO plugin v26.6 - https:\/\/yoast.com\/wordpress\/plugins\/seo\/ -->\n<title>Contacto - TRAXX GROUP<\/title>\n<meta name=\"description\" content=\"Cont\u00e1ctenos para obtener m\u00e1s informaci\u00f3n sobre nuestros productos y servicios, y solicitar un presupuesto.\" \/>\n<meta name=\"robots\" content=\"index, follow, max-snippet:-1, max-image-preview:large, max-video-preview:-1\" \/>\n<link rel=\"canonical\" href=\"https:\/\/www.traxx-group.com\/es\/en\/contacto\/\" \/>\n<meta property=\"og:locale\" content=\"fr_FR\" \/>\n<meta property=\"og:type\" content=\"article\" \/>\n<meta property=\"og:title\" content=\"Contacto - TRAXX GROUP\" \/>\n<meta property=\"og:description\" content=\"Cont\u00e1ctenos para obtener m\u00e1s informaci\u00f3n sobre nuestros productos y servicios, y solicitar un presupuesto.\" \/>\n<meta property=\"og:url\" content=\"https:\/\/www.traxx-group.com\/es\/en\/contacto\/\" \/>\n<meta property=\"og:site_name\" content=\"TRAXX GROUP\" \/>\n<meta property=\"article:modified_time\" content=\"2025-07-17T08:02:43+00:00\" \/>\n<meta property=\"og:image\" content=\"https:\/\/www.traxx-group.com\/es\/wp-content\/uploads\/2023\/08\/turbine.jpg\" \/>\n<meta name=\"twitter:card\" content=\"summary_large_image\" \/>\n<meta name=\"twitter:label1\" content=\"Dur\u00e9e de lecture estim\u00e9e\" \/>\n\t<meta name=\"twitter:data1\" content=\"1 minute\" \/>\n<script type=\"application\/ld+json\" class=\"yoast-schema-graph\">{\"@context\":\"https:\/\/schema.org\",\"@graph\":[{\"@type\":\"WebPage\",\"@id\":\"https:\/\/www.traxx-group.com\/es\/en\/contacto\/\",\"url\":\"https:\/\/www.traxx-group.com\/es\/en\/contacto\/\",\"name\":\"Contacto - TRAXX GROUP\",\"isPartOf\":{\"@id\":\"https:\/\/www.traxx-group.com\/es\/#website\"},\"primaryImageOfPage\":{\"@id\":\"https:\/\/www.traxx-group.com\/es\/en\/contacto\/#primaryimage\"},\"image\":{\"@id\":\"https:\/\/www.traxx-group.com\/es\/en\/contacto\/#primaryimage\"},\"thumbnailUrl\":\"https:\/\/www.traxx-group.com\/es\/wp-content\/uploads\/2023\/08\/turbine.jpg\",\"datePublished\":\"2023-08-16T12:51:49+00:00\",\"dateModified\":\"2025-07-17T08:02:43+00:00\",\"description\":\"Cont\u00e1ctenos para obtener m\u00e1s informaci\u00f3n sobre nuestros productos y servicios, y solicitar un presupuesto.\",\"breadcrumb\":{\"@id\":\"https:\/\/www.traxx-group.com\/es\/en\/contacto\/#breadcrumb\"},\"inLanguage\":\"fr-FR\",\"potentialAction\":[{\"@type\":\"ReadAction\",\"target\":[\"https:\/\/www.traxx-group.com\/es\/en\/contacto\/\"]}]},{\"@type\":\"ImageObject\",\"inLanguage\":\"fr-FR\",\"@id\":\"https:\/\/www.traxx-group.com\/es\/en\/contacto\/#primaryimage\",\"url\":\"https:\/\/www.traxx-group.com\/es\/wp-content\/uploads\/2023\/08\/turbine.jpg\",\"contentUrl\":\"https:\/\/www.traxx-group.com\/es\/wp-content\/uploads\/2023\/08\/turbine.jpg\",\"width\":1200,\"height\":800},{\"@type\":\"BreadcrumbList\",\"@id\":\"https:\/\/www.traxx-group.com\/es\/en\/contacto\/#breadcrumb\",\"itemListElement\":[{\"@type\":\"ListItem\",\"position\":1,\"name\":\"Accueil\",\"item\":\"https:\/\/www.traxx-group.com\/es\/\"},{\"@type\":\"ListItem\",\"position\":2,\"name\":\"Contact\"}]},{\"@type\":\"WebSite\",\"@id\":\"https:\/\/www.traxx-group.com\/es\/#website\",\"url\":\"https:\/\/www.traxx-group.com\/es\/\",\"name\":\"TRAXX GROUP\",\"description\":\"Experto en apriete controlado y en la tensi\u00f3n de pernos\",\"publisher\":{\"@id\":\"https:\/\/www.traxx-group.com\/es\/#organization\"},\"potentialAction\":[{\"@type\":\"SearchAction\",\"target\":{\"@type\":\"EntryPoint\",\"urlTemplate\":\"https:\/\/www.traxx-group.com\/es\/?s={search_term_string}\"},\"query-input\":{\"@type\":\"PropertyValueSpecification\",\"valueRequired\":true,\"valueName\":\"search_term_string\"}}],\"inLanguage\":\"fr-FR\"},{\"@type\":\"Organization\",\"@id\":\"https:\/\/www.traxx-group.com\/es\/#organization\",\"name\":\"TRAXX GROUP\",\"url\":\"https:\/\/www.traxx-group.com\/es\/\",\"logo\":{\"@type\":\"ImageObject\",\"inLanguage\":\"fr-FR\",\"@id\":\"https:\/\/www.traxx-group.com\/es\/#\/schema\/logo\/image\/\",\"url\":\"https:\/\/www.traxx-group.com\/es\/wp-content\/uploads\/2023\/08\/cropped-LOGO_TRAXX-GROUP.jpg\",\"contentUrl\":\"https:\/\/www.traxx-group.com\/es\/wp-content\/uploads\/2023\/08\/cropped-LOGO_TRAXX-GROUP.jpg\",\"width\":2200,\"height\":567,\"caption\":\"TRAXX GROUP\"},\"image\":{\"@id\":\"https:\/\/www.traxx-group.com\/es\/#\/schema\/logo\/image\/\"}}]}<\/script>\n<!-- \/ Yoast SEO plugin. -->","yoast_head_json":{"title":"Contacto - TRAXX GROUP","description":"Cont\u00e1ctenos para obtener m\u00e1s informaci\u00f3n sobre nuestros productos y servicios, y solicitar un presupuesto.","robots":{"index":"index","follow":"follow","max-snippet":"max-snippet:-1","max-image-preview":"max-image-preview:large","max-video-preview":"max-video-preview:-1"},"canonical":"https:\/\/www.traxx-group.com\/es\/en\/contacto\/","og_locale":"fr_FR","og_type":"article","og_title":"Contacto - TRAXX GROUP","og_description":"Cont\u00e1ctenos para obtener m\u00e1s informaci\u00f3n sobre nuestros productos y servicios, y solicitar un presupuesto.","og_url":"https:\/\/www.traxx-group.com\/es\/en\/contacto\/","og_site_name":"TRAXX GROUP","article_modified_time":"2025-07-17T08:02:43+00:00","og_image":[{"url":"https:\/\/www.traxx-group.com\/es\/wp-content\/uploads\/2023\/08\/turbine.jpg","type":"","width":"","height":""}],"twitter_card":"summary_large_image","twitter_misc":{"Dur\u00e9e de lecture estim\u00e9e":"1 minute"},"schema":{"@context":"https:\/\/schema.org","@graph":[{"@type":"WebPage","@id":"https:\/\/www.traxx-group.com\/es\/en\/contacto\/","url":"https:\/\/www.traxx-group.com\/es\/en\/contacto\/","name":"Contacto - TRAXX GROUP","isPartOf":{"@id":"https:\/\/www.traxx-group.com\/es\/#website"},"primaryImageOfPage":{"@id":"https:\/\/www.traxx-group.com\/es\/en\/contacto\/#primaryimage"},"image":{"@id":"https:\/\/www.traxx-group.com\/es\/en\/contacto\/#primaryimage"},"thumbnailUrl":"https:\/\/www.traxx-group.com\/es\/wp-content\/uploads\/2023\/08\/turbine.jpg","datePublished":"2023-08-16T12:51:49+00:00","dateModified":"2025-07-17T08:02:43+00:00","description":"Cont\u00e1ctenos para obtener m\u00e1s informaci\u00f3n sobre nuestros productos y servicios, y solicitar un presupuesto.","breadcrumb":{"@id":"https:\/\/www.traxx-group.com\/es\/en\/contacto\/#breadcrumb"},"inLanguage":"fr-FR","potentialAction":[{"@type":"ReadAction","target":["https:\/\/www.traxx-group.com\/es\/en\/contacto\/"]}]},{"@type":"ImageObject","inLanguage":"fr-FR","@id":"https:\/\/www.traxx-group.com\/es\/en\/contacto\/#primaryimage","url":"https:\/\/www.traxx-group.com\/es\/wp-content\/uploads\/2023\/08\/turbine.jpg","contentUrl":"https:\/\/www.traxx-group.com\/es\/wp-content\/uploads\/2023\/08\/turbine.jpg","width":1200,"height":800},{"@type":"BreadcrumbList","@id":"https:\/\/www.traxx-group.com\/es\/en\/contacto\/#breadcrumb","itemListElement":[{"@type":"ListItem","position":1,"name":"Accueil","item":"https:\/\/www.traxx-group.com\/es\/"},{"@type":"ListItem","position":2,"name":"Contact"}]},{"@type":"WebSite","@id":"https:\/\/www.traxx-group.com\/es\/#website","url":"https:\/\/www.traxx-group.com\/es\/","name":"TRAXX GROUP","description":"Experto en apriete controlado y en la tensi\u00f3n de pernos","publisher":{"@id":"https:\/\/www.traxx-group.com\/es\/#organization"},"potentialAction":[{"@type":"SearchAction","target":{"@type":"EntryPoint","urlTemplate":"https:\/\/www.traxx-group.com\/es\/?s={search_term_string}"},"query-input":{"@type":"PropertyValueSpecification","valueRequired":true,"valueName":"search_term_string"}}],"inLanguage":"fr-FR"},{"@type":"Organization","@id":"https:\/\/www.traxx-group.com\/es\/#organization","name":"TRAXX GROUP","url":"https:\/\/www.traxx-group.com\/es\/","logo":{"@type":"ImageObject","inLanguage":"fr-FR","@id":"https:\/\/www.traxx-group.com\/es\/#\/schema\/logo\/image\/","url":"https:\/\/www.traxx-group.com\/es\/wp-content\/uploads\/2023\/08\/cropped-LOGO_TRAXX-GROUP.jpg","contentUrl":"https:\/\/www.traxx-group.com\/es\/wp-content\/uploads\/2023\/08\/cropped-LOGO_TRAXX-GROUP.jpg","width":2200,"height":567,"caption":"TRAXX GROUP"},"image":{"@id":"https:\/\/www.traxx-group.com\/es\/#\/schema\/logo\/image\/"}}]}},"_links":{"self":[{"href":"https:\/\/www.traxx-group.com\/es\/wp-json\/wp\/v2\/pages\/24","targetHints":{"allow":["GET"]}}],"collection":[{"href":"https:\/\/www.traxx-group.com\/es\/wp-json\/wp\/v2\/pages"}],"about":[{"href":"https:\/\/www.traxx-group.com\/es\/wp-json\/wp\/v2\/types\/page"}],"author":[{"embeddable":true,"href":"https:\/\/www.traxx-group.com\/es\/wp-json\/wp\/v2\/users\/1"}],"replies":[{"embeddable":true,"href":"https:\/\/www.traxx-group.com\/es\/wp-json\/wp\/v2\/comments?post=24"}],"version-history":[{"count":10,"href":"https:\/\/www.traxx-group.com\/es\/wp-json\/wp\/v2\/pages\/24\/revisions"}],"predecessor-version":[{"id":6376,"href":"https:\/\/www.traxx-group.com\/es\/wp-json\/wp\/v2\/pages\/24\/revisions\/6376"}],"wp:attachment":[{"href":"https:\/\/www.traxx-group.com\/es\/wp-json\/wp\/v2\/media?parent=24"}],"curies":[{"name":"wp","href":"https:\/\/api.w.org\/{rel}","templated":true}]}}