{"id":3764,"date":"2023-11-12T14:13:27","date_gmt":"2023-11-12T13:13:27","guid":{"rendered":"https:\/\/www.traxx-group.com\/en\/?page_id=3764"},"modified":"2023-11-12T14:13:37","modified_gmt":"2023-11-12T13:13:37","slug":"politique-de-confidentialite","status":"publish","type":"page","link":"https:\/\/www.traxx-group.com\/en\/politique-de-confidentialite\/","title":{"rendered":"Politique de confidentialit\u00e9"},"content":{"rendered":"\t\t<div data-elementor-type=\"wp-page\" data-elementor-id=\"3764\" class=\"elementor elementor-3764\" data-elementor-post-type=\"page\">\n\t\t\t\t\t\t<section class=\"elementor-section elementor-top-section elementor-element elementor-element-25039b05 elementor-section-boxed elementor-section-height-default elementor-section-height-default\" data-id=\"25039b05\" data-element_type=\"section\" data-e-type=\"section\">\n\t\t\t\t\t\t<div class=\"elementor-container elementor-column-gap-default\">\n\t\t\t\t\t<div class=\"elementor-column elementor-col-100 elementor-top-column elementor-element elementor-element-201e4c00\" data-id=\"201e4c00\" data-element_type=\"column\" data-e-type=\"column\">\n\t\t\t<div class=\"elementor-widget-wrap elementor-element-populated\">\n\t\t\t\t\t\t<div class=\"elementor-element elementor-element-719ff8ae elementor-widget elementor-widget-spacer\" data-id=\"719ff8ae\" data-element_type=\"widget\" data-e-type=\"widget\" data-widget_type=\"spacer.default\">\n\t\t\t\t<div class=\"elementor-widget-container\">\n\t\t\t\t\t\t\t<div class=\"elementor-spacer\">\n\t\t\t<div class=\"elementor-spacer-inner\"><\/div>\n\t\t<\/div>\n\t\t\t\t\t\t<\/div>\n\t\t\t\t<\/div>\n\t\t\t\t<div class=\"elementor-element elementor-element-48d1996a elementor-widget elementor-widget-heading\" data-id=\"48d1996a\" data-element_type=\"widget\" data-e-type=\"widget\" data-widget_type=\"heading.default\">\n\t\t\t\t<div class=\"elementor-widget-container\">\n\t\t\t\t\t<h2 class=\"elementor-heading-title elementor-size-default\">Mentions L\u00e9gales<\/h2>\t\t\t\t<\/div>\n\t\t\t\t<\/div>\n\t\t\t\t<div class=\"elementor-element elementor-element-bde56de elementor-widget elementor-widget-text-editor\" data-id=\"bde56de\" data-element_type=\"widget\" data-e-type=\"widget\" data-widget_type=\"text-editor.default\">\n\t\t\t\t<div class=\"elementor-widget-container\">\n\t\t\t\t\t\t\t\t\t<p>traxx-group.com<\/p>\n<p>Conform\u00e9ment aux dispositions des Articles 6-III et 19 de la Loi n\u00b02004-575 du 21 juin 2004 pour la Confiance dans l\u2019\u00e9conomie num\u00e9rique, dite L.C.E.N., il est port\u00e9 \u00e0 la connaissance des utilisateurs et visiteurs du site traxx-group.com\u00a0les pr\u00e9sentes mentions l\u00e9gales.<\/p>\n<p>Le site traxx-group.com est accessible \u00e0 l\u2019adresse suivante : http:\/\/traxx-group.com (ci-apr\u00e8s \u00ab le Site \u00bb). L\u2019acc\u00e8s et l\u2019utilisation du Site sont soumis aux pr\u00e9sentes \u00bb Mentions l\u00e9gales \u00bb d\u00e9taill\u00e9es ci-apr\u00e8s ainsi qu\u2019aux lois et\/ou r\u00e8glements applicables.<\/p>\n<p>La connexion, l\u2019utilisation et l\u2019acc\u00e8s \u00e0 ce Site impliquent l\u2019acceptation int\u00e9grale et sans r\u00e9serve de l\u2019internaute de toutes les dispositions des pr\u00e9sentes Mentions L\u00e9gales.<\/p>\n<p>ARTICLE 1 \u2013 INFORMATIONS L\u00c9GALES<\/p>\n<p>En vertu de l\u2019Article 6 de la Loi n\u00b0 2004-575 du 21 juin 2004 pour la confiance dans l\u2019\u00e9conomie num\u00e9rique, il est pr\u00e9cis\u00e9 dans cet article l\u2019identit\u00e9 des diff\u00e9rents intervenants dans le cadre de sa r\u00e9alisation et de son suivi.<\/p>\n<p>Le site traxx-group.com est \u00e9dit\u00e9 par :<\/p>\n<p>TRAXX<\/p>\n<p>ayant son si\u00e8ge social \u00e0 l\u2019adresse suivante : 3 RUE SAINTE CROIX 91150 ETAMPES, et immatricul\u00e9e au num\u00e9ro suivant : 39770987400028<\/p>\n<p>T\u00e9l\u00e9phone : 01 64 94 11 68<\/p>\n<h3 class=\"elementor-heading-title elementor-size-default\">\u00a0<\/h3>\n<p>Adresse e-mail : traxx@traxx-group.com<\/p>\n<p>ci apr\u00e8s \u00bb l\u2019\u00c9diteur \u00bb<\/p>\n<p>Le Directeur de publication est : Mr Michel BERBESSON\u00a0<\/p>\n<p>Adresse e-mail de contact : traxx@traxx-group.com<\/p>\n<p>ci apr\u00e8s \u00bb le Directeur de publication \u00bb<\/p>\n<p>Le site traxx-group.com est h\u00e9berg\u00e9 par :<\/p>\n<p><strong>o2switch<\/strong><\/p>\n<p>dont le si\u00e8ge est situ\u00e9 \u00e0 l\u2019adresse suivante : Chem. des Pardiaux, 63000 Clermont-Ferrand<\/p>\n<p>T\u00e9l\u00e9phone : <span aria-label=\"Appeler le 04 44 44 60 40\">04 44 44 60 40<\/span><\/p>\n<p>Adresse e-mail : support@o2switch.fr<\/p>\n<p>ci apr\u00e8s \u00bb l\u2019H\u00e9bergeur \u00bb<\/p>\n<p>Sont consid\u00e9r\u00e9s comme utilisateurs tout les internautes qui naviguent, lisent, visionnent et utilisent le site traxx-group.com<\/p>\n<p>ci apr\u00e8s les \u00bb Utilisateurs \u00bb<\/p>\n<p>ARTICLE 2 \u2013 ACCESSIBILIT\u00c9<\/p>\n<p>Le Site est par principe accessible aux utilisateurs 24\/24h et 7\/7j, sauf interruption, programm\u00e9e ou non, pour des besoins de maintenance ou en cas de force majeure.<\/p>\n<p>En cas d\u2019impossibilit\u00e9 d\u2019acc\u00e8s au Site, celui-ci s\u2019engage \u00e0 faire son maximum afin d\u2019en r\u00e9tablir l\u2019acc\u00e8s. Le Site ne saurait \u00eatre tenu pour responsable de tout dommage, quelle qu\u2019en soit la nature, r\u00e9sultant de son indisponibilit\u00e9.<\/p>\n<p>ARTICLE 3 \u2013 COLLECTE DE DONN\u00c9ES ET LOI INFORMATIQUE ET LIBERT\u00c9S<\/p>\n<p>Le site traxx-group.com est exempt\u00e9 de d\u00e9claration \u00e0 la Commission Nationale Informatique et Libert\u00e9s (CNIL) dans la mesure o\u00f9 il ne collecte aucune donn\u00e9e des Utilisateurs.<\/p>\n<p>ARTICLE 4 \u2013 POLITIQUE DE COOKIES<\/p>\n<p>Le site traxx-group.com n&rsquo;as pas\u00a0 recours aux techniques de \u00ab cookies \u00bb lui permettant de traiter des statistiques et des informations sur le trafic, de faciliter la navigation et d\u2019am\u00e9liorer le service pour le confort de l\u2019Utilisateur.<\/p>\n<p>Conform\u00e9ment \u00e0 la l\u00e9gislation europ\u00e9enne, le site traxx-group.com a mis \u00e0 jour sa politique de confidentialit\u00e9 en mati\u00e8re de cookies. L\u2019Utilisateur est libre d\u2019accepter ou de refuser les cookies de tous les sites internet en modifiant les param\u00e8tres de son navigateur internet.<\/p>\n<p>ARTICLE 5 \u2013 LOI APPLICABLE ET JURIDICTION<\/p>\n<p>Les pr\u00e9sentes Mentions L\u00e9gales sont r\u00e9gies par la loi fran\u00e7aise. En cas de diff\u00e9rend et \u00e0 d\u00e9faut d\u2019accord amiable, le litige sera port\u00e9 devant les tribunaux fran\u00e7ais conform\u00e9ment aux r\u00e8gles de comp\u00e9tence en vigueur.<\/p>\n<p>ARTICLE 6 \u2013 CONTACT<\/p>\n<p>Pour tout signalement de contenus ou d\u2019activit\u00e9s illicites, l\u2019Utilisateur peut contacter l\u2019\u00c9diteur \u00e0 l\u2019adresse suivante : traxx@traxx-group.com, ou par courrier recommand\u00e9 avec accus\u00e9 de r\u00e9ception adress\u00e9 \u00e0 l\u2019\u00c9diteur aux coordonn\u00e9es pr\u00e9cis\u00e9es dans les pr\u00e9sentes mentions l\u00e9gales.<\/p>\n<p>Le site traxx-group.com vous souhaite une excellente navigation !<\/p>\t\t\t\t\t\t\t\t<\/div>\n\t\t\t\t<\/div>\n\t\t\t\t\t<\/div>\n\t\t<\/div>\n\t\t\t\t\t<\/div>\n\t\t<\/section>\n\t\t\t\t<\/div>\n\t\t","protected":false},"excerpt":{"rendered":"<p>Mentions L\u00e9gales traxx-group.com Conform\u00e9ment aux dispositions des Articles 6-III et 19 de la Loi n\u00b02004-575 du 21 juin 2004 pour la Confiance dans l\u2019\u00e9conomie num\u00e9rique, dite L.C.E.N., il est port\u00e9 \u00e0 la connaissance des utilisateurs et visiteurs du site traxx-group.com\u00a0les pr\u00e9sentes mentions l\u00e9gales. Le site traxx-group.com est accessible \u00e0 l\u2019adresse suivante : http:\/\/traxx-group.com (ci-apr\u00e8s \u00ab [&hellip;]<\/p>\n","protected":false},"author":1,"featured_media":0,"parent":0,"menu_order":0,"comment_status":"closed","ping_status":"closed","template":"","meta":{"inline_featured_image":false,"footnotes":""},"class_list":["post-3764","page","type-page","status-publish","hentry"],"yoast_head":"<!-- This site is optimized with the Yoast SEO plugin v27.5 - https:\/\/yoast.com\/product\/yoast-seo-wordpress\/ -->\n<title>Politique de confidentialit\u00e9 - TRAXX GROUP<\/title>\n<meta name=\"robots\" content=\"index, follow, max-snippet:-1, max-image-preview:large, max-video-preview:-1\" \/>\n<link rel=\"canonical\" href=\"https:\/\/www.traxx-group.com\/en\/politique-de-confidentialite\/\" \/>\n<meta property=\"og:locale\" content=\"fr_FR\" \/>\n<meta property=\"og:type\" content=\"article\" \/>\n<meta property=\"og:title\" content=\"Politique de confidentialit\u00e9 - TRAXX GROUP\" \/>\n<meta property=\"og:description\" content=\"Mentions L\u00e9gales traxx-group.com Conform\u00e9ment aux dispositions des Articles 6-III et 19 de la Loi n\u00b02004-575 du 21 juin 2004 pour la Confiance dans l\u2019\u00e9conomie num\u00e9rique, dite L.C.E.N., il est port\u00e9 \u00e0 la connaissance des utilisateurs et visiteurs du site traxx-group.com\u00a0les pr\u00e9sentes mentions l\u00e9gales. Le site traxx-group.com est accessible \u00e0 l\u2019adresse suivante : http:\/\/traxx-group.com (ci-apr\u00e8s \u00ab [&hellip;]\" \/>\n<meta property=\"og:url\" content=\"https:\/\/www.traxx-group.com\/en\/politique-de-confidentialite\/\" \/>\n<meta property=\"og:site_name\" content=\"TRAXX GROUP\" \/>\n<meta property=\"article:modified_time\" content=\"2023-11-12T13:13:37+00:00\" \/>\n<meta name=\"twitter:card\" content=\"summary_large_image\" \/>\n<meta name=\"twitter:label1\" content=\"Dur\u00e9e de lecture estim\u00e9e\" \/>\n\t<meta name=\"twitter:data1\" content=\"3 minutes\" \/>\n<script type=\"application\/ld+json\" class=\"yoast-schema-graph\">{\"@context\":\"https:\\\/\\\/schema.org\",\"@graph\":[{\"@type\":\"WebPage\",\"@id\":\"https:\\\/\\\/www.traxx-group.com\\\/en\\\/politique-de-confidentialite\\\/\",\"url\":\"https:\\\/\\\/www.traxx-group.com\\\/en\\\/politique-de-confidentialite\\\/\",\"name\":\"Politique de confidentialit\u00e9 - TRAXX GROUP\",\"isPartOf\":{\"@id\":\"https:\\\/\\\/www.traxx-group.com\\\/en\\\/#website\"},\"datePublished\":\"2023-11-12T13:13:27+00:00\",\"dateModified\":\"2023-11-12T13:13:37+00:00\",\"inLanguage\":\"fr-FR\",\"potentialAction\":[{\"@type\":\"ReadAction\",\"target\":[\"https:\\\/\\\/www.traxx-group.com\\\/en\\\/politique-de-confidentialite\\\/\"]}]},{\"@type\":\"WebSite\",\"@id\":\"https:\\\/\\\/www.traxx-group.com\\\/en\\\/#website\",\"url\":\"https:\\\/\\\/www.traxx-group.com\\\/en\\\/\",\"name\":\"TRAXX GROUP\",\"description\":\"Master the tension of your bolted assemblies\",\"publisher\":{\"@id\":\"https:\\\/\\\/www.traxx-group.com\\\/en\\\/#organization\"},\"potentialAction\":[{\"@type\":\"SearchAction\",\"target\":{\"@type\":\"EntryPoint\",\"urlTemplate\":\"https:\\\/\\\/www.traxx-group.com\\\/en\\\/?s={search_term_string}\"},\"query-input\":{\"@type\":\"PropertyValueSpecification\",\"valueRequired\":true,\"valueName\":\"search_term_string\"}}],\"inLanguage\":\"fr-FR\"},{\"@type\":\"Organization\",\"@id\":\"https:\\\/\\\/www.traxx-group.com\\\/en\\\/#organization\",\"name\":\"TRAXX GROUP\",\"alternateName\":\"TRAXX GROUP\",\"url\":\"https:\\\/\\\/www.traxx-group.com\\\/en\\\/\",\"logo\":{\"@type\":\"ImageObject\",\"inLanguage\":\"fr-FR\",\"@id\":\"https:\\\/\\\/www.traxx-group.com\\\/en\\\/#\\\/schema\\\/logo\\\/image\\\/\",\"url\":\"https:\\\/\\\/www.traxx-group.com\\\/en\\\/wp-content\\\/uploads\\\/2023\\\/08\\\/cropped-LOGO_TEXTE_CADRE-BLANC_72ppp.jpg\",\"contentUrl\":\"https:\\\/\\\/www.traxx-group.com\\\/en\\\/wp-content\\\/uploads\\\/2023\\\/08\\\/cropped-LOGO_TEXTE_CADRE-BLANC_72ppp.jpg\",\"width\":2194,\"height\":567,\"caption\":\"TRAXX GROUP\"},\"image\":{\"@id\":\"https:\\\/\\\/www.traxx-group.com\\\/en\\\/#\\\/schema\\\/logo\\\/image\\\/\"}}]}<\/script>\n<!-- \/ Yoast SEO plugin. -->","yoast_head_json":{"title":"Politique de confidentialit\u00e9 - TRAXX GROUP","robots":{"index":"index","follow":"follow","max-snippet":"max-snippet:-1","max-image-preview":"max-image-preview:large","max-video-preview":"max-video-preview:-1"},"canonical":"https:\/\/www.traxx-group.com\/en\/politique-de-confidentialite\/","og_locale":"fr_FR","og_type":"article","og_title":"Politique de confidentialit\u00e9 - TRAXX GROUP","og_description":"Mentions L\u00e9gales traxx-group.com Conform\u00e9ment aux dispositions des Articles 6-III et 19 de la Loi n\u00b02004-575 du 21 juin 2004 pour la Confiance dans l\u2019\u00e9conomie num\u00e9rique, dite L.C.E.N., il est port\u00e9 \u00e0 la connaissance des utilisateurs et visiteurs du site traxx-group.com\u00a0les pr\u00e9sentes mentions l\u00e9gales. Le site traxx-group.com est accessible \u00e0 l\u2019adresse suivante : http:\/\/traxx-group.com (ci-apr\u00e8s \u00ab [&hellip;]","og_url":"https:\/\/www.traxx-group.com\/en\/politique-de-confidentialite\/","og_site_name":"TRAXX GROUP","article_modified_time":"2023-11-12T13:13:37+00:00","twitter_card":"summary_large_image","twitter_misc":{"Dur\u00e9e de lecture estim\u00e9e":"3 minutes"},"schema":{"@context":"https:\/\/schema.org","@graph":[{"@type":"WebPage","@id":"https:\/\/www.traxx-group.com\/en\/politique-de-confidentialite\/","url":"https:\/\/www.traxx-group.com\/en\/politique-de-confidentialite\/","name":"Politique de confidentialit\u00e9 - TRAXX GROUP","isPartOf":{"@id":"https:\/\/www.traxx-group.com\/en\/#website"},"datePublished":"2023-11-12T13:13:27+00:00","dateModified":"2023-11-12T13:13:37+00:00","inLanguage":"fr-FR","potentialAction":[{"@type":"ReadAction","target":["https:\/\/www.traxx-group.com\/en\/politique-de-confidentialite\/"]}]},{"@type":"WebSite","@id":"https:\/\/www.traxx-group.com\/en\/#website","url":"https:\/\/www.traxx-group.com\/en\/","name":"TRAXX GROUP","description":"Master the tension of your bolted assemblies","publisher":{"@id":"https:\/\/www.traxx-group.com\/en\/#organization"},"potentialAction":[{"@type":"SearchAction","target":{"@type":"EntryPoint","urlTemplate":"https:\/\/www.traxx-group.com\/en\/?s={search_term_string}"},"query-input":{"@type":"PropertyValueSpecification","valueRequired":true,"valueName":"search_term_string"}}],"inLanguage":"fr-FR"},{"@type":"Organization","@id":"https:\/\/www.traxx-group.com\/en\/#organization","name":"TRAXX GROUP","alternateName":"TRAXX GROUP","url":"https:\/\/www.traxx-group.com\/en\/","logo":{"@type":"ImageObject","inLanguage":"fr-FR","@id":"https:\/\/www.traxx-group.com\/en\/#\/schema\/logo\/image\/","url":"https:\/\/www.traxx-group.com\/en\/wp-content\/uploads\/2023\/08\/cropped-LOGO_TEXTE_CADRE-BLANC_72ppp.jpg","contentUrl":"https:\/\/www.traxx-group.com\/en\/wp-content\/uploads\/2023\/08\/cropped-LOGO_TEXTE_CADRE-BLANC_72ppp.jpg","width":2194,"height":567,"caption":"TRAXX GROUP"},"image":{"@id":"https:\/\/www.traxx-group.com\/en\/#\/schema\/logo\/image\/"}}]}},"_links":{"self":[{"href":"https:\/\/www.traxx-group.com\/en\/wp-json\/wp\/v2\/pages\/3764","targetHints":{"allow":["GET"]}}],"collection":[{"href":"https:\/\/www.traxx-group.com\/en\/wp-json\/wp\/v2\/pages"}],"about":[{"href":"https:\/\/www.traxx-group.com\/en\/wp-json\/wp\/v2\/types\/page"}],"author":[{"embeddable":true,"href":"https:\/\/www.traxx-group.com\/en\/wp-json\/wp\/v2\/users\/1"}],"replies":[{"embeddable":true,"href":"https:\/\/www.traxx-group.com\/en\/wp-json\/wp\/v2\/comments?post=3764"}],"version-history":[{"count":5,"href":"https:\/\/www.traxx-group.com\/en\/wp-json\/wp\/v2\/pages\/3764\/revisions"}],"predecessor-version":[{"id":3770,"href":"https:\/\/www.traxx-group.com\/en\/wp-json\/wp\/v2\/pages\/3764\/revisions\/3770"}],"wp:attachment":[{"href":"https:\/\/www.traxx-group.com\/en\/wp-json\/wp\/v2\/media?parent=3764"}],"curies":[{"name":"wp","href":"https:\/\/api.w.org\/{rel}","templated":true}]}}